{"id":2253,"date":"2020-05-06T13:53:06","date_gmt":"2020-05-06T11:53:06","guid":{"rendered":"https:\/\/flyriviera.ch\/?page_id=2253"},"modified":"2025-06-08T20:10:06","modified_gmt":"2025-06-08T18:10:06","slug":"weather","status":"publish","type":"page","link":"http:\/\/flyriviera.ch\/en\/weather\/","title":{"rendered":"Weather"},"content":{"rendered":"<p>[et_pb_section fb_built=&#8221;1&#8243; admin_label=&#8221;Hero&#8221; _builder_version=&#8221;4.27.4&#8243; background_color_gradient_direction=&#8221;137deg&#8221; background_image=&#8221;https:\/\/flyriviera.ch\/wp-content\/uploads\/2020\/04\/IMG_2357-scaled.jpg&#8221; background_position=&#8221;center_left&#8221; height=&#8221;720px&#8221; custom_padding=&#8221;90px||0px|&#8221; bottom_divider_style=&#8221;ramp2&#8243; bottom_divider_color=&#8221;#ffffff&#8221; bottom_divider_height=&#8221;150px&#8221; bottom_divider_flip=&#8221;horizontal&#8221; hover_enabled=&#8221;0&#8243; global_colors_info=&#8221;{}&#8221; bottom_divider_height_last_edited=&#8221;on|desktop&#8221; sticky_enabled=&#8221;0&#8243; bottom_divider_height_phone=&#8221;100px&#8221; background_blend=&#8221;multiply&#8221; background_color=&#8221;rgba(255,80,0,0.66)&#8221; bottom_divider_height_tablet=&#8221;150px&#8221;][et_pb_row _builder_version=&#8221;4.16&#8243; background_size=&#8221;initial&#8221; background_position=&#8221;top_left&#8221; background_repeat=&#8221;repeat&#8221; custom_margin=&#8221;||40px|&#8221; global_colors_info=&#8221;{}&#8221;][et_pb_column type=&#8221;4_4&#8243; _builder_version=&#8221;4.16&#8243; custom_padding=&#8221;|||&#8221; global_colors_info=&#8221;{}&#8221; custom_padding__hover=&#8221;|||&#8221;][et_pb_text admin_label=&#8221;Title&#8221; _builder_version=&#8221;4.17.4&#8243; _module_preset=&#8221;637f06df-5bef-4373-b8a6-881b79caa31a&#8221; text_text_color=&#8221;#000000&#8243; text_orientation=&#8221;center&#8221; module_alignment=&#8221;center&#8221; text_font_size_tablet=&#8221;&#8221; text_font_size_phone=&#8221;&#8221; text_font_size_last_edited=&#8221;on|phone&#8221; header_font_size_phone=&#8221;38px&#8221; global_colors_info=&#8221;{}&#8221;]<\/p>\n<h1>Meteorology<\/h1>\n<p>[\/et_pb_text][et_pb_divider color=&#8221;#ffffff&#8221; divider_weight=&#8221;2px&#8221; _builder_version=&#8221;4.16&#8243; width=&#8221;30%&#8221; module_alignment=&#8221;center&#8221; custom_padding=&#8221;|||0px||&#8221; animation_style=&#8221;zoom&#8221; animation_direction=&#8221;left&#8221; global_colors_info=&#8221;{}&#8221;][\/et_pb_divider][et_pb_text _builder_version=&#8221;4.17.4&#8243; _module_preset=&#8221;637f06df-5bef-4373-b8a6-881b79caa31a&#8221; text_font=&#8221;Montserrat||||||||&#8221; text_font_size=&#8221;20px&#8221; text_line_height=&#8221;1.8em&#8221; text_orientation=&#8221;center&#8221; max_width=&#8221;700px&#8221; module_alignment=&#8221;center&#8221; animation_delay=&#8221;100ms&#8221; global_colors_info=&#8221;{}&#8221;]<\/p>\n<p>Forecast models and current weather data.<\/p>\n<p>[\/et_pb_text][\/et_pb_column][\/et_pb_row][\/et_pb_section][et_pb_section fb_built=&#8221;1&#8243; _builder_version=&#8221;4.16&#8243; custom_padding=&#8221;0px|||||&#8221; global_colors_info=&#8221;{}&#8221;][et_pb_row column_structure=&#8221;1_2,1_2&#8243; _builder_version=&#8221;4.16&#8243; module_alignment=&#8221;center&#8221; max_height=&#8221;243px&#8221; custom_margin=&#8221;|auto|0px|251px|false|false&#8221; custom_padding=&#8221;0px|||||&#8221; animation_direction=&#8221;left&#8221; collapsed=&#8221;on&#8221; global_colors_info=&#8221;{}&#8221;][et_pb_column type=&#8221;1_2&#8243; _builder_version=&#8221;4.16&#8243; global_colors_info=&#8221;{}&#8221;][et_pb_image src=&#8221;https:\/\/flyriviera.ch\/wp-content\/uploads\/2020\/04\/IMG_1381-1-scaled.jpg&#8221; title_text=&#8221;IMG_1381&#8243; _builder_version=&#8221;4.16&#8243; animation_style=&#8221;fade&#8221; border_width_all=&#8221;4px&#8221; border_color_all=&#8221;#ffffff&#8221; global_colors_info=&#8221;{}&#8221;][\/et_pb_image][et_pb_text _builder_version=&#8221;4.16&#8243; animation_style=&#8221;fade&#8221; global_colors_info=&#8221;{}&#8221;]<\/p>\n<h1 style=\"text-align: center;\">Weather forecast<\/h1>\n<p>[\/et_pb_text][et_pb_text _builder_version=&#8221;4.16&#8243; animation_style=&#8221;fade&#8221; global_colors_info=&#8221;{}&#8221;]<\/p>\n<h5 style=\"text-align: center;\">To prepare your flying days as well as possible.<\/h5>\n<p>[\/et_pb_text][et_pb_text _builder_version=&#8221;4.16&#8243; animation_style=&#8221;fade&#8221; global_colors_info=&#8221;{}&#8221; content__hover_enabled=&#8221;on|desktop&#8221; content__hover=&#8221;<\/p>\n<table>\n<tbody>\n<tr>\n<td><a href=%22https:\/\/www.meteosuisse.admin.ch\/home.html?tab=report%22 title=%22M\u00e9t\u00e9oSuisse%22 data-et-target-link=%22_blank%22 rel=%22noopener noreferrer%22>M\u00e9t\u00e9oSuisse<\/a><\/td>\n<td style=%22text-align: center;%22>The basis for the forecasts.<\/td>\n<\/tr>\n<tr>\n<td><a href=%22https:\/\/www.meteo-fsvl.ch\/system\/login.html%22 data-et-target-link=%22_blank%22 rel=%22noopener noreferrer%22>FSVL<\/a><\/td>\n<td style=%22text-align: center;%22>For pilots who are registered at the FSVL.<\/td>\n<\/tr>\n<tr>\n<td><a href=%22https:\/\/meteo-parapente.com\/#\/46.4173,6.9522,18%22 data-et-target-link=%22_blank%22 rel=%22noopener noreferrer%22>M\u00e9t\u00e9oparapente<\/a><\/td>\n<td style=%22text-align: center;%22>A tool that groups many forecasts such as wind, thermals, precipitation etc..<\/td>\n<\/tr>\n<tr>\n<td><a href=%22https:\/\/www.meteoblue.com\/fr\/weather-maps\/les-paccots_suisse_6619305?variable=wind_isotach_arrows&#038;level=surface&#038;lines=none&#038;mapcenter=46.4889N6.8747&#038;zoom=9%22 data-et-target-link=%22_blank%22 rel=%22noopener noreferrer%22>M\u00e9t\u00e9oblue<\/a><\/td>\n<td style=%22text-align: center;%22>An alternative to M\u00e9t\u00e9o Suisse, up to 14 days forecast.<\/td>\n<\/tr>\n<tr>\n<td><a href=%22https:\/\/soaringmeteo.org\/%22 data-et-target-link=%22_blank%22 rel=%22noopener noreferrer%22>Soaringm\u00e9t\u00e9o<\/a><\/td>\n<td style=%22text-align: center;%22>A detailed tool for forecasting thermals and winds.<\/td>\n<\/tr>\n<tr>\n<td><span><a href=%22https:\/\/www.windy.com\/46.417\/6.952?100m,46.358,6.990,11%22 data-et-target-link=%22_blank%22 rel=%22noopener noreferrer%22>Windy<\/a><\/span><\/td>\n<td style=%22text-align: center;%22>A detailed tool for forecasting winds, clouds, rainfall&#8230;<\/td>\n<\/tr>\n<\/tbody>\n<\/table>\n<p>&#8220;]<\/p>\n<table>\n<tbody>\n<tr>\n<td><a href=\"https:\/\/www.meteosuisse.admin.ch\/home.html?tab=report\" title=\"M\u00e9t\u00e9oSuisse\" target=\"_blank\" rel=\"noopener noreferrer\">M\u00e9t\u00e9oSuisse<\/a><\/td>\n<td style=\"text-align: center;\">The basis for the forecasts.<\/td>\n<\/tr>\n<tr>\n<td><a href=\"https:\/\/www.meteo-fsvl.ch\/system\/login.html\" target=\"_blank\" rel=\"noopener noreferrer\">FSVL<\/a><\/td>\n<td style=\"text-align: center;\">For pilots who are registered at the FSVL.<\/td>\n<\/tr>\n<tr>\n<td><a href=\"https:\/\/meteo-parapente.com\/#\/46.4173,6.9522,18\" target=\"_blank\" rel=\"noopener noreferrer\">M\u00e9t\u00e9oparapente<\/a><\/td>\n<td style=\"text-align: center;\">A tool that groups many forecasts such as wind, thermals, precipitation etc..<\/td>\n<\/tr>\n<tr>\n<td><a href=\"https:\/\/www.meteoblue.com\/fr\/weather-maps\/les-paccots_suisse_6619305?variable=wind_isotach_arrows&amp;level=surface&amp;lines=none&amp;mapcenter=46.4889N6.8747&amp;zoom=9\" target=\"_blank\" rel=\"noopener noreferrer\">M\u00e9t\u00e9oblue<\/a><\/td>\n<td style=\"text-align: center;\">An alternative to M\u00e9t\u00e9o Suisse, up to 14 days forecast.<\/td>\n<\/tr>\n<tr>\n<td><a href=\"https:\/\/soaringmeteo.org\/\" target=\"_blank\" rel=\"noopener noreferrer\">Soaringm\u00e9t\u00e9o<\/a><\/td>\n<td style=\"text-align: center;\">A detailed tool for forecasting thermals and winds.<\/td>\n<\/tr>\n<tr>\n<td><span><a href=\"https:\/\/www.windy.com\/46.417\/6.952?100m,46.358,6.990,11\" target=\"_blank\" rel=\"noopener noreferrer\">Windy<\/a><\/span><\/td>\n<td style=\"text-align: center;\">A detailed tool for forecasting winds, clouds, rainfall&#8230;<\/td>\n<\/tr>\n<\/tbody>\n<\/table>\n<p>[\/et_pb_text][et_pb_divider disabled_on=&#8221;off|off|on&#8221; _builder_version=&#8221;4.16&#8243; width=&#8221;58%&#8221; module_alignment=&#8221;center&#8221; animation_style=&#8221;zoom&#8221; animation_duration=&#8221;500ms&#8221; locked=&#8221;off&#8221; global_colors_info=&#8221;{}&#8221;][\/et_pb_divider][\/et_pb_column][et_pb_column type=&#8221;1_2&#8243; _builder_version=&#8221;4.16&#8243; global_colors_info=&#8221;{}&#8221;][et_pb_image src=&#8221;https:\/\/flyriviera.ch\/wp-content\/uploads\/2020\/03\/IMG_2348-scaled-1.jpg&#8221; _builder_version=&#8221;4.16&#8243; animation_style=&#8221;fade&#8221; animation_delay=&#8221;200ms&#8221; border_width_all=&#8221;4px&#8221; border_color_all=&#8221;#ffffff&#8221; global_colors_info=&#8221;{}&#8221;][\/et_pb_image][et_pb_text _builder_version=&#8221;4.16&#8243; animation_style=&#8221;fade&#8221; animation_delay=&#8221;200ms&#8221; global_colors_info=&#8221;{}&#8221;]<\/p>\n<h1 style=\"text-align: center;\">Beacons<\/h1>\n<p>[\/et_pb_text][et_pb_text _builder_version=&#8221;4.16&#8243; animation_style=&#8221;fade&#8221; global_colors_info=&#8221;{}&#8221;]<\/p>\n<h5 style=\"text-align: center;\">The real-time situation.<\/h5>\n<p>[\/et_pb_text][et_pb_text _builder_version=&#8221;4.16&#8243; animation_style=&#8221;fade&#8221; global_colors_info=&#8221;{}&#8221; content__hover_enabled=&#8221;on|desktop&#8221; content__hover=&#8221;<\/p>\n<table>\n<tbody>\n<tr>\n<td><a href=%22https:\/\/www.meteosuisse.admin.ch\/home\/valeurs-mesurees.html?param=messwerte-wind-boeenspitze-kmh-10min%22 title=%22M\u00e9t\u00e9oSuisse%22 data-et-target-link=%22_blank%22 rel=%22noopener noreferrer%22>M\u00e9t\u00e9oSuisse<\/a><\/td>\n<td style=%22text-align: center;%22>The beacons of M\u00e9t\u00e9o Suisse.<\/td>\n<\/tr>\n<tr>\n<td><a href=%22https:\/\/www.slf.ch\/fr\/bulletin-davalanches-et-situation-nivologique\/valeurs-mesurees.html%22 data-et-target-link=%22_blank%22 rel=%22noopener noreferrer%22>SLF<\/a><\/td>\n<td style=%22text-align: center;%22>The beacons of the Avalanche Prevention Institute, which are very interesting because they are placed on summits and passes at high altitude.<\/td>\n<\/tr>\n<tr>\n<td><a href=%22https:\/\/holfuy.com\/fr\/map\/wind&#038;la=46.38043&#038;lo=7.12956&#038;z=10.0%22 data-et-target-link=%22_blank%22 rel=%22noopener noreferrer%22>Holfuy<\/a><\/td>\n<td style=%22text-align: center;%22>Detailed beacons in Switzerland and around the world.<\/td>\n<\/tr>\n<tr>\n<td><a href=%22http:\/\/meteo.jdc.ch\/%22 data-et-target-link=%22_blank%22 rel=%22noopener noreferrer%22>Skywatch<\/a><\/td>\n<td style=%22text-align: center;%22><span>Balises situ\u00e9es en Suisse romande.<\/span><\/td>\n<\/tr>\n<tr>\n<td><a href=%22https:\/\/winds.mobi\/stations\/map%22 data-et-target-link=%22_blank%22 rel=%22noopener noreferrer%22>Windmobile<\/a><\/td>\n<td style=%22text-align: center;%22> Beacons in Switzerland and around the world. <\/td>\n<\/tr>\n<\/tbody>\n<\/table>\n<p>&#8220;]<\/p>\n<table>\n<tbody>\n<tr>\n<td><a href=\"https:\/\/www.meteosuisse.admin.ch\/home\/valeurs-mesurees.html?param=messwerte-wind-boeenspitze-kmh-10min\" title=\"M\u00e9t\u00e9oSuisse\" target=\"_blank\" rel=\"noopener noreferrer\">M\u00e9t\u00e9oSuisse<\/a><\/td>\n<td style=\"text-align: center;\">The beacons of M\u00e9t\u00e9o Suisse.<\/td>\n<\/tr>\n<tr>\n<td><a href=\"https:\/\/www.slf.ch\/fr\/bulletin-davalanches-et-situation-nivologique\/valeurs-mesurees.html\" target=\"_blank\" rel=\"noopener noreferrer\">SLF<\/a><\/td>\n<td style=\"text-align: center;\">The beacons of the Avalanche Prevention Institute, which are very interesting because they are placed on summits and passes at high altitude.<\/td>\n<\/tr>\n<tr>\n<td><a href=\"https:\/\/holfuy.com\/fr\/map\/wind&amp;la=46.38043&amp;lo=7.12956&amp;z=10.0\" target=\"_blank\" rel=\"noopener noreferrer\">Holfuy<\/a><\/td>\n<td style=\"text-align: center;\">Detailed beacons in Switzerland and around the world.<\/td>\n<\/tr>\n<tr>\n<td><a href=\"http:\/\/meteo.jdc.ch\/\" target=\"_blank\" rel=\"noopener noreferrer\">Skywatch<\/a><\/td>\n<td style=\"text-align: center;\"><span>Balises situ\u00e9es en Suisse romande.<\/span><\/td>\n<\/tr>\n<tr>\n<td><a href=\"https:\/\/winds.mobi\/stations\/map\" target=\"_blank\" rel=\"noopener noreferrer\">Windmobile<\/a><\/td>\n<td style=\"text-align: center;\">\u00a0Beacons in Switzerland and around the world.\u00a0<\/td>\n<\/tr>\n<\/tbody>\n<\/table>\n<p>[\/et_pb_text][\/et_pb_column][\/et_pb_row][et_pb_row _builder_version=&#8221;4.16&#8243; global_colors_info=&#8221;{}&#8221;][et_pb_column type=&#8221;4_4&#8243; _builder_version=&#8221;4.16&#8243; global_colors_info=&#8221;{}&#8221;][et_pb_button button_url=&#8221;https:\/\/flyriviera.ch\/en\/airspaces\/&#8221; button_text=&#8221;Airspaces&#8221; button_alignment=&#8221;center&#8221; _builder_version=&#8221;4.16&#8243; global_colors_info=&#8221;{}&#8221;][\/et_pb_button][\/et_pb_column][\/et_pb_row][\/et_pb_section]<\/p>\n","protected":false},"excerpt":{"rendered":"<p>MeteorologyForecast models and current weather data.Weather forecastTo prepare your flying days as well as possible. M\u00e9t\u00e9oSuisse The basis for the forecasts. FSVL For pilots who are registered at the FSVL. M\u00e9t\u00e9oparapente A tool that groups many forecasts such as wind, thermals, precipitation etc.. M\u00e9t\u00e9oblue An alternative to M\u00e9t\u00e9o Suisse, up to 14 days forecast. Soaringm\u00e9t\u00e9o [&hellip;]<\/p>\n","protected":false},"author":1,"featured_media":0,"parent":0,"menu_order":0,"comment_status":"closed","ping_status":"closed","template":"","meta":{"_et_pb_use_builder":"on","_et_pb_old_content":"","_et_gb_content_width":"","footnotes":""},"class_list":["post-2253","page","type-page","status-publish","hentry"],"yoast_head":"<!-- This site is optimized with the Yoast SEO plugin v27.4 - https:\/\/yoast.com\/product\/yoast-seo-wordpress\/ -->\n<title>Weather - Fly Riviera<\/title>\n<meta name=\"robots\" content=\"index, follow, max-snippet:-1, max-image-preview:large, max-video-preview:-1\" \/>\n<link rel=\"canonical\" href=\"http:\/\/flyriviera.ch\/en\/weather\/\" \/>\n<meta property=\"og:locale\" content=\"en_US\" \/>\n<meta property=\"og:type\" content=\"article\" \/>\n<meta property=\"og:title\" content=\"Weather - Fly Riviera\" \/>\n<meta property=\"og:description\" content=\"MeteorologyForecast models and current weather data.Weather forecastTo prepare your flying days as well as possible. M\u00e9t\u00e9oSuisse The basis for the forecasts. FSVL For pilots who are registered at the FSVL. M\u00e9t\u00e9oparapente A tool that groups many forecasts such as wind, thermals, precipitation etc.. M\u00e9t\u00e9oblue An alternative to M\u00e9t\u00e9o Suisse, up to 14 days forecast. Soaringm\u00e9t\u00e9o [&hellip;]\" \/>\n<meta property=\"og:url\" content=\"http:\/\/flyriviera.ch\/en\/weather\/\" \/>\n<meta property=\"og:site_name\" content=\"Fly Riviera\" \/>\n<meta property=\"article:publisher\" content=\"https:\/\/www.facebook.com\/flyriviera\" \/>\n<meta property=\"article:modified_time\" content=\"2025-06-08T18:10:06+00:00\" \/>\n<meta name=\"twitter:card\" content=\"summary_large_image\" \/>\n<meta name=\"twitter:site\" content=\"@FlyrivieraSA\" \/>\n<meta name=\"twitter:label1\" content=\"Est. reading time\" \/>\n\t<meta name=\"twitter:data1\" content=\"4 minutes\" \/>\n<script type=\"application\/ld+json\" class=\"yoast-schema-graph\">{\"@context\":\"https:\\\/\\\/schema.org\",\"@graph\":[{\"@type\":\"WebPage\",\"@id\":\"http:\\\/\\\/flyriviera.ch\\\/en\\\/weather\\\/\",\"url\":\"http:\\\/\\\/flyriviera.ch\\\/en\\\/weather\\\/\",\"name\":\"Weather - Fly Riviera\",\"isPartOf\":{\"@id\":\"https:\\\/\\\/flyriviera.ch\\\/en\\\/#website\"},\"datePublished\":\"2020-05-06T11:53:06+00:00\",\"dateModified\":\"2025-06-08T18:10:06+00:00\",\"breadcrumb\":{\"@id\":\"http:\\\/\\\/flyriviera.ch\\\/en\\\/weather\\\/#breadcrumb\"},\"inLanguage\":\"en-US\",\"potentialAction\":[{\"@type\":\"ReadAction\",\"target\":[\"http:\\\/\\\/flyriviera.ch\\\/en\\\/weather\\\/\"]}]},{\"@type\":\"BreadcrumbList\",\"@id\":\"http:\\\/\\\/flyriviera.ch\\\/en\\\/weather\\\/#breadcrumb\",\"itemListElement\":[{\"@type\":\"ListItem\",\"position\":1,\"name\":\"Accueil\",\"item\":\"http:\\\/\\\/flyriviera.ch\\\/en\\\/\"},{\"@type\":\"ListItem\",\"position\":2,\"name\":\"Weather\"}]},{\"@type\":\"WebSite\",\"@id\":\"https:\\\/\\\/flyriviera.ch\\\/en\\\/#website\",\"url\":\"https:\\\/\\\/flyriviera.ch\\\/en\\\/\",\"name\":\"Fly Riviera\",\"description\":\"Let&#039;s fly !\",\"publisher\":{\"@id\":\"https:\\\/\\\/flyriviera.ch\\\/en\\\/#organization\"},\"potentialAction\":[{\"@type\":\"SearchAction\",\"target\":{\"@type\":\"EntryPoint\",\"urlTemplate\":\"https:\\\/\\\/flyriviera.ch\\\/en\\\/?s={search_term_string}\"},\"query-input\":{\"@type\":\"PropertyValueSpecification\",\"valueRequired\":true,\"valueName\":\"search_term_string\"}}],\"inLanguage\":\"en-US\"},{\"@type\":\"Organization\",\"@id\":\"https:\\\/\\\/flyriviera.ch\\\/en\\\/#organization\",\"name\":\"Fly Riviera\",\"url\":\"https:\\\/\\\/flyriviera.ch\\\/en\\\/\",\"logo\":{\"@type\":\"ImageObject\",\"inLanguage\":\"en-US\",\"@id\":\"https:\\\/\\\/flyriviera.ch\\\/en\\\/#\\\/schema\\\/logo\\\/image\\\/\",\"url\":\"https:\\\/\\\/flyriviera.ch\\\/wp-content\\\/uploads\\\/2020\\\/05\\\/picto-acro-orange.jpg\",\"contentUrl\":\"https:\\\/\\\/flyriviera.ch\\\/wp-content\\\/uploads\\\/2020\\\/05\\\/picto-acro-orange.jpg\",\"width\":1653,\"height\":1611,\"caption\":\"Fly Riviera\"},\"image\":{\"@id\":\"https:\\\/\\\/flyriviera.ch\\\/en\\\/#\\\/schema\\\/logo\\\/image\\\/\"},\"sameAs\":[\"https:\\\/\\\/www.facebook.com\\\/flyriviera\",\"https:\\\/\\\/x.com\\\/FlyrivieraSA\",\"https:\\\/\\\/www.instagram.com\\\/flyrivieraparapente\\\/\"]}]}<\/script>\n<!-- \/ Yoast SEO plugin. -->","yoast_head_json":{"title":"Weather - Fly Riviera","robots":{"index":"index","follow":"follow","max-snippet":"max-snippet:-1","max-image-preview":"max-image-preview:large","max-video-preview":"max-video-preview:-1"},"canonical":"http:\/\/flyriviera.ch\/en\/weather\/","og_locale":"en_US","og_type":"article","og_title":"Weather - Fly Riviera","og_description":"MeteorologyForecast models and current weather data.Weather forecastTo prepare your flying days as well as possible. M\u00e9t\u00e9oSuisse The basis for the forecasts. FSVL For pilots who are registered at the FSVL. M\u00e9t\u00e9oparapente A tool that groups many forecasts such as wind, thermals, precipitation etc.. M\u00e9t\u00e9oblue An alternative to M\u00e9t\u00e9o Suisse, up to 14 days forecast. Soaringm\u00e9t\u00e9o [&hellip;]","og_url":"http:\/\/flyriviera.ch\/en\/weather\/","og_site_name":"Fly Riviera","article_publisher":"https:\/\/www.facebook.com\/flyriviera","article_modified_time":"2025-06-08T18:10:06+00:00","twitter_card":"summary_large_image","twitter_site":"@FlyrivieraSA","twitter_misc":{"Est. reading time":"4 minutes"},"schema":{"@context":"https:\/\/schema.org","@graph":[{"@type":"WebPage","@id":"http:\/\/flyriviera.ch\/en\/weather\/","url":"http:\/\/flyriviera.ch\/en\/weather\/","name":"Weather - Fly Riviera","isPartOf":{"@id":"https:\/\/flyriviera.ch\/en\/#website"},"datePublished":"2020-05-06T11:53:06+00:00","dateModified":"2025-06-08T18:10:06+00:00","breadcrumb":{"@id":"http:\/\/flyriviera.ch\/en\/weather\/#breadcrumb"},"inLanguage":"en-US","potentialAction":[{"@type":"ReadAction","target":["http:\/\/flyriviera.ch\/en\/weather\/"]}]},{"@type":"BreadcrumbList","@id":"http:\/\/flyriviera.ch\/en\/weather\/#breadcrumb","itemListElement":[{"@type":"ListItem","position":1,"name":"Accueil","item":"http:\/\/flyriviera.ch\/en\/"},{"@type":"ListItem","position":2,"name":"Weather"}]},{"@type":"WebSite","@id":"https:\/\/flyriviera.ch\/en\/#website","url":"https:\/\/flyriviera.ch\/en\/","name":"Fly Riviera","description":"Let&#039;s fly !","publisher":{"@id":"https:\/\/flyriviera.ch\/en\/#organization"},"potentialAction":[{"@type":"SearchAction","target":{"@type":"EntryPoint","urlTemplate":"https:\/\/flyriviera.ch\/en\/?s={search_term_string}"},"query-input":{"@type":"PropertyValueSpecification","valueRequired":true,"valueName":"search_term_string"}}],"inLanguage":"en-US"},{"@type":"Organization","@id":"https:\/\/flyriviera.ch\/en\/#organization","name":"Fly Riviera","url":"https:\/\/flyriviera.ch\/en\/","logo":{"@type":"ImageObject","inLanguage":"en-US","@id":"https:\/\/flyriviera.ch\/en\/#\/schema\/logo\/image\/","url":"https:\/\/flyriviera.ch\/wp-content\/uploads\/2020\/05\/picto-acro-orange.jpg","contentUrl":"https:\/\/flyriviera.ch\/wp-content\/uploads\/2020\/05\/picto-acro-orange.jpg","width":1653,"height":1611,"caption":"Fly Riviera"},"image":{"@id":"https:\/\/flyriviera.ch\/en\/#\/schema\/logo\/image\/"},"sameAs":["https:\/\/www.facebook.com\/flyriviera","https:\/\/x.com\/FlyrivieraSA","https:\/\/www.instagram.com\/flyrivieraparapente\/"]}]}},"_links":{"self":[{"href":"http:\/\/flyriviera.ch\/en\/wp-json\/wp\/v2\/pages\/2253","targetHints":{"allow":["GET"]}}],"collection":[{"href":"http:\/\/flyriviera.ch\/en\/wp-json\/wp\/v2\/pages"}],"about":[{"href":"http:\/\/flyriviera.ch\/en\/wp-json\/wp\/v2\/types\/page"}],"author":[{"embeddable":true,"href":"http:\/\/flyriviera.ch\/en\/wp-json\/wp\/v2\/users\/1"}],"replies":[{"embeddable":true,"href":"http:\/\/flyriviera.ch\/en\/wp-json\/wp\/v2\/comments?post=2253"}],"version-history":[{"count":8,"href":"http:\/\/flyriviera.ch\/en\/wp-json\/wp\/v2\/pages\/2253\/revisions"}],"predecessor-version":[{"id":6821,"href":"http:\/\/flyriviera.ch\/en\/wp-json\/wp\/v2\/pages\/2253\/revisions\/6821"}],"wp:attachment":[{"href":"http:\/\/flyriviera.ch\/en\/wp-json\/wp\/v2\/media?parent=2253"}],"curies":[{"name":"wp","href":"https:\/\/api.w.org\/{rel}","templated":true}]}}