{"id":2153,"date":"2020-05-05T21:12:42","date_gmt":"2020-05-05T19:12:42","guid":{"rendered":"https:\/\/flyriviera.ch\/?page_id=2153"},"modified":"2025-06-08T19:57:37","modified_gmt":"2025-06-08T17:57:37","slug":"licensed-pilots","status":"publish","type":"page","link":"https:\/\/flyriviera.ch\/en\/licensed-pilots\/","title":{"rendered":"Licensed pilots"},"content":{"rendered":"<p>[et_pb_section fb_built=&#8221;1&#8243; admin_label=&#8221;Hero&#8221; _builder_version=&#8221;4.27.4&#8243; background_color_gradient_direction=&#8221;137deg&#8221; background_image=&#8221;https:\/\/flyriviera.ch\/wp-content\/uploads\/2020\/03\/IMG_2348-scaled-1.jpg&#8221; height=&#8221;720px&#8221; custom_padding=&#8221;90px||0px|&#8221; bottom_divider_style=&#8221;ramp2&#8243; bottom_divider_color=&#8221;#ffffff&#8221; bottom_divider_height=&#8221;150px&#8221; bottom_divider_flip=&#8221;horizontal&#8221; hover_enabled=&#8221;0&#8243; global_colors_info=&#8221;{}&#8221; bottom_divider_height_last_edited=&#8221;on|desktop&#8221; sticky_enabled=&#8221;0&#8243; bottom_divider_height_phone=&#8221;100px&#8221; background_blend=&#8221;multiply&#8221; background_color=&#8221;rgba(255,143,91,0.66)&#8221; bottom_divider_height_tablet=&#8221;150px&#8221;][et_pb_row _builder_version=&#8221;4.16&#8243; background_size=&#8221;initial&#8221; background_position=&#8221;top_left&#8221; background_repeat=&#8221;repeat&#8221; custom_margin=&#8221;||40px|&#8221; global_colors_info=&#8221;{}&#8221;][et_pb_column type=&#8221;4_4&#8243; _builder_version=&#8221;4.16&#8243; custom_padding=&#8221;|||&#8221; global_colors_info=&#8221;{}&#8221; custom_padding__hover=&#8221;|||&#8221;][et_pb_text admin_label=&#8221;Title&#8221; _builder_version=&#8221;4.17.4&#8243; _module_preset=&#8221;637f06df-5bef-4373-b8a6-881b79caa31a&#8221; global_colors_info=&#8221;{}&#8221;]<\/p>\n<h1>Pilots<\/h1>\n<p>[\/et_pb_text][et_pb_divider color=&#8221;#ffffff&#8221; divider_weight=&#8221;2px&#8221; _builder_version=&#8221;4.16&#8243; max_width=&#8221;100px&#8221; module_alignment=&#8221;center&#8221; animation_style=&#8221;zoom&#8221; animation_direction=&#8221;left&#8221; global_colors_info=&#8221;{}&#8221;][\/et_pb_divider][et_pb_text _builder_version=&#8221;4.17.4&#8243; _module_preset=&#8221;637f06df-5bef-4373-b8a6-881b79caa31a&#8221; text_font=&#8221;Montserrat||||||||&#8221; text_font_size=&#8221;20px&#8221; text_line_height=&#8221;1.8em&#8221; text_orientation=&#8221;center&#8221; max_width=&#8221;700px&#8221; module_alignment=&#8221;center&#8221; animation_delay=&#8221;100ms&#8221; global_colors_info=&#8221;{}&#8221;]<\/p>\n<p style=\"text-align: center;\">Join us to complete and improve your flying skills with a qualified instructor.<\/p>\n<p>[\/et_pb_text][\/et_pb_column][\/et_pb_row][\/et_pb_section][et_pb_section fb_built=&#8221;1&#8243; admin_label=&#8221;About&#8221; _builder_version=&#8221;4.16&#8243; custom_padding=&#8221;0px||90px|||&#8221; global_colors_info=&#8221;{}&#8221;][et_pb_row _builder_version=&#8221;4.16&#8243; module_alignment=&#8221;center&#8221; max_height=&#8221;243px&#8221; custom_margin=&#8221;|auto|0px|251px|false|false&#8221; custom_padding=&#8221;1px|||||&#8221; animation_direction=&#8221;left&#8221; global_colors_info=&#8221;{}&#8221;][et_pb_column type=&#8221;4_4&#8243; _builder_version=&#8221;4.16&#8243; global_colors_info=&#8221;{}&#8221;][et_pb_image src=&#8221;https:\/\/flyriviera.ch\/wp-content\/uploads\/2020\/03\/P7160489-1-scaled-1.jpg&#8221; _builder_version=&#8221;4.23&#8243; max_width=&#8221;80%&#8221; module_alignment=&#8221;center&#8221; animation_style=&#8221;fade&#8221; border_radii=&#8221;on|100px|100px|100px|100px&#8221; border_width_all=&#8221;4px&#8221; border_color_all=&#8221;#ffffff&#8221; global_colors_info=&#8221;{}&#8221;][\/et_pb_image][et_pb_text _builder_version=&#8221;4.16&#8243; animation_style=&#8221;fade&#8221; global_colors_info=&#8221;{}&#8221;]<\/p>\n<h1 style=\"text-align: center;\">You are a paraglider pilot and want to improve your skills?<\/h1>\n<p style=\"text-align: center;\">[\/et_pb_text][et_pb_divider disabled_on=&#8221;off|off|off&#8221; _builder_version=&#8221;4.16&#8243; width=&#8221;58%&#8221; module_alignment=&#8221;center&#8221; animation_style=&#8221;zoom&#8221; animation_duration=&#8221;500ms&#8221; locked=&#8221;off&#8221; global_colors_info=&#8221;{}&#8221;][\/et_pb_divider][et_pb_text _builder_version=&#8221;4.16&#8243; animation_style=&#8221;fade&#8221; global_colors_info=&#8221;{}&#8221;]<\/p>\n<div class=\"elementor-element elementor-element-0770e68 elementor-icon-list--layout-traditional elementor-widget elementor-widget-icon-list animated rollIn\" data-id=\"0770e68\" data-element_type=\"widget\" data-settings=\"{&quot;_animation&quot;:&quot;rollIn&quot;}\" data-widget_type=\"icon-list.default\">\n<div class=\"elementor-widget-container\">\n<h3 style=\"text-align: center;\">Keep a high technical level and fly serenely!<\/h3>\n<p>&nbsp;<\/p>\n<p style=\"text-align: justify;\">Whether you are recovering after a break or simply looking to improve your skills in a specific domain, we will be happy to coach you in your passion:<\/p>\n<ul class=\"elementor-icon-list-items\" style=\"text-align: justify;\">\n<li class=\"elementor-icon-list-item\">Groundhandling, touch and go&#8230;<\/li>\n<li class=\"elementor-icon-list-item\">Fast descent maneuvers (ears, 360 engaged, B-stall, asymmetric collapse)&#8230;<\/li>\n<li class=\"elementor-icon-list-item\">Active piloting in turbulence<\/li>\n<li class=\"elementor-icon-list-item\">Thermal flying<\/li>\n<li class=\"elementor-icon-list-item\">Accelerator management<\/li>\n<li class=\"elementor-icon-list-item\">Controlling with the rear lines<\/li>\n<li class=\"elementor-icon-list-item\">Flight incident prevention and handling<\/li>\n<li class=\"elementor-icon-list-item\">And many more&#8230;<\/li>\n<\/ul>\n<\/div>\n<\/div>\n<div class=\"elementor-element elementor-element-5269457 elementor-widget elementor-widget-text-editor animated zoomIn\" data-id=\"5269457\" data-element_type=\"widget\" data-settings=\"{&quot;_animation&quot;:&quot;zoomIn&quot;}\" data-widget_type=\"text-editor.default\">\n<div class=\"elementor-widget-container\">\n<div class=\"elementor-text-editor elementor-clearfix\">\n<p style=\"text-align: justify;\">All these exercises can be performed by radio guidance and\/or in pedagogical tandem flights. More skills for more safety and therefore much more fun flying \ud83d\ude42 .<\/p>\n<\/div>\n<\/div>\n<\/div>\n<p>[\/et_pb_text][et_pb_text _builder_version=&#8221;4.16&#8243; animation_style=&#8221;fade&#8221; global_colors_info=&#8221;{}&#8221;]<\/p>\n<table>\n<tbody>\n<tr>\n<td style=\"text-align: center;\"><strong>Coaching rate<\/strong><\/td>\n<td style=\"text-align: center;\">\n<p>25 CHF \/ flight<\/p>\n<p>(excluding shuttle service)<\/p>\n<\/td>\n<\/tr>\n<tr>\n<td style=\"text-align: center;\"><strong>Pedagogical tandem rate<\/strong><\/td>\n<td style=\"text-align: center;\">\n<p>150 CHF \/ flight<\/p>\n<p>(transport included to Sonchaux)<\/p>\n<\/td>\n<\/tr>\n<tr>\n<td style=\"text-align: center;\"><strong>Private instructor rate<\/strong><\/td>\n<td style=\"text-align: center;\">On demand<\/td>\n<\/tr>\n<\/tbody>\n<\/table>\n<p>&nbsp;<\/p>\n<p style=\"text-align: center;\">\n<p>[\/et_pb_text][\/et_pb_column][\/et_pb_row][et_pb_row column_structure=&#8221;1_2,1_2&#8243; _builder_version=&#8221;4.16&#8243; global_colors_info=&#8221;{}&#8221;][et_pb_column type=&#8221;1_2&#8243; _builder_version=&#8221;4.16&#8243; global_colors_info=&#8221;{}&#8221;][et_pb_button button_url=&#8221;https:\/\/flyriviera.ch\/en\/program\/&#8221; button_text=&#8221;Next flying day&#8221; button_alignment=&#8221;center&#8221; _builder_version=&#8221;4.16&#8243; custom_button=&#8221;on&#8221; button_border_radius=&#8221;6px&#8221; button_font=&#8221;||||||||&#8221; button_icon=&#8221;&#x3d;||divi||400&#8243; transform_scale_tablet=&#8221;&#8221; transform_scale_phone=&#8221;&#8221; transform_scale_last_edited=&#8221;on|desktop&#8221; transform_translate_tablet=&#8221;&#8221; transform_translate_phone=&#8221;&#8221; transform_translate_last_edited=&#8221;on|desktop&#8221; transform_rotate_tablet=&#8221;&#8221; transform_rotate_phone=&#8221;&#8221; transform_rotate_last_edited=&#8221;on|desktop&#8221; transform_skew_tablet=&#8221;&#8221; transform_skew_phone=&#8221;&#8221; transform_skew_last_edited=&#8221;on|desktop&#8221; transform_origin_tablet=&#8221;&#8221; transform_origin_phone=&#8221;&#8221; transform_origin_last_edited=&#8221;on|desktop&#8221; transform_styles_last_edited=&#8221;on|desktop&#8221; animation_style=&#8221;fade&#8221; transform_styles_tablet=&#8221;&#8221; transform_styles_phone=&#8221;&#8221; global_colors_info=&#8221;{}&#8221;][\/et_pb_button][\/et_pb_column][et_pb_column type=&#8221;1_2&#8243; _builder_version=&#8221;4.16&#8243; global_colors_info=&#8221;{}&#8221;][et_pb_button button_url=&#8221;https:\/\/flyriviera.ch\/en\/contact-2\/&#8221; button_text=&#8221;Contact us&#8221; button_alignment=&#8221;center&#8221; _builder_version=&#8221;4.16&#8243; custom_button=&#8221;on&#8221; button_border_radius=&#8221;6px&#8221; button_font=&#8221;||||||||&#8221; button_icon=&#8221;&#x3d;||divi||400&#8243; transform_scale_tablet=&#8221;&#8221; transform_scale_phone=&#8221;&#8221; transform_scale_last_edited=&#8221;on|desktop&#8221; transform_translate_tablet=&#8221;&#8221; transform_translate_phone=&#8221;&#8221; transform_translate_last_edited=&#8221;on|desktop&#8221; transform_rotate_tablet=&#8221;&#8221; transform_rotate_phone=&#8221;&#8221; transform_rotate_last_edited=&#8221;on|desktop&#8221; transform_skew_tablet=&#8221;&#8221; transform_skew_phone=&#8221;&#8221; transform_skew_last_edited=&#8221;on|desktop&#8221; transform_origin_tablet=&#8221;&#8221; transform_origin_phone=&#8221;&#8221; transform_origin_last_edited=&#8221;on|desktop&#8221; transform_styles_last_edited=&#8221;on|desktop&#8221; animation_style=&#8221;fade&#8221; transform_styles_tablet=&#8221;&#8221; transform_styles_phone=&#8221;&#8221; global_colors_info=&#8221;{}&#8221;][\/et_pb_button][\/et_pb_column][\/et_pb_row][\/et_pb_section]<\/p>\n","protected":false},"excerpt":{"rendered":"<p>PilotsJoin us to complete and improve your flying skills with a qualified instructor.You are a paraglider pilot and want to improve your skills? Keep a high technical level and fly serenely! &nbsp; Whether you are recovering after a break or simply looking to improve your skills in a specific domain, we will be happy to [&hellip;]<\/p>\n","protected":false},"author":1,"featured_media":0,"parent":0,"menu_order":0,"comment_status":"closed","ping_status":"closed","template":"","meta":{"_et_pb_use_builder":"on","_et_pb_old_content":"[et_pb_section fb_built=\"1\" admin_label=\"Hero\" _builder_version=\"4.4.0\" background_color_gradient_direction=\"137deg\" background_image=\"https:\/\/flyriviera.parapentiste.ch\/wp-content\/uploads\/2020\/03\/IMG_2420-scaled.jpg\" custom_padding=\"90px||0px|\" bottom_divider_style=\"slant\" bottom_divider_color=\"#ffffff\" bottom_divider_height=\"200px\" bottom_divider_flip=\"horizontal\"][et_pb_row _builder_version=\"3.25\" background_size=\"initial\" background_position=\"top_left\" background_repeat=\"repeat\" custom_margin=\"||40px|\"][et_pb_column type=\"4_4\" _builder_version=\"3.25\" custom_padding=\"|||\" custom_padding__hover=\"|||\"][et_pb_text admin_label=\"Title\" _builder_version=\"4.4.0\" text_font=\"||||||||\" header_font=\"Montserrat|500|||||||\" header_text_align=\"center\" header_text_color=\"#ffffff\" header_font_size=\"84px\" background_layout=\"dark\" animation_style=\"zoom\" animation_direction=\"left\" animation_intensity_zoom=\"10%\" hover_enabled=\"0\" header_font_size_tablet=\"50px\" header_font_size_phone=\"\" header_font_size_last_edited=\"on|phone\"]\n<h1>Formations<\/h1>\n[\/et_pb_text][et_pb_divider color=\"#ffffff\" divider_weight=\"2px\" _builder_version=\"4.4.0\" max_width=\"100px\" module_alignment=\"center\" animation_style=\"zoom\" animation_direction=\"left\"][\/et_pb_divider][et_pb_text _builder_version=\"4.4.0\" text_font=\"Montserrat||||||||\" text_font_size=\"20px\" text_line_height=\"1.8em\" text_orientation=\"center\" background_layout=\"dark\" max_width=\"700px\" module_alignment=\"center\" animation_style=\"zoom\" animation_direction=\"left\" animation_delay=\"100ms\" animation_intensity_zoom=\"10%\" hover_enabled=\"0\"]\n\nDepuis plus de 20 ans nous transmettons notre passion du vol libre.\nDu d\u00e9butant au pilote brevet\u00e9, chacun trouvera son bonheur parmis notre offre de cours.\n\n[\/et_pb_text][\/et_pb_column][\/et_pb_row][et_pb_row column_structure=\"1_3,1_3,1_3\" _builder_version=\"4.4.0\" max_height=\"243px\" custom_margin=\"|auto|0px|251px|false|false\" animation_direction=\"left\"][et_pb_column type=\"1_3\" _builder_version=\"4.4.0\"][et_pb_image src=\"https:\/\/flyriviera.parapentiste.ch\/wp-content\/uploads\/2020\/03\/P7160258-scaled.jpg\" _builder_version=\"4.4.0\" border_width_all=\"4px\" border_color_all=\"#ffffff\" hover_enabled=\"0\"][\/et_pb_image][et_pb_button button_text=\"Toutes les dates de nos jours de formations \u00e0 venir.\" _builder_version=\"4.4.0\" custom_button=\"on\" button_alignment=\"center\" hover_enabled=\"0\" button_icon=\"%%28%%\" button_border_radius=\"48px\" button_font=\"||||||||\" transform_styles_last_edited=\"on|desktop\" transform_scale_last_edited=\"on|desktop\" transform_translate_last_edited=\"on|desktop\" transform_rotate_last_edited=\"on|desktop\" transform_skew_last_edited=\"on|desktop\" transform_origin_last_edited=\"on|desktop\" animation_style=\"fade\"][\/et_pb_button][et_pb_text _builder_version=\"4.4.0\" hover_enabled=\"0\"]\n<h1 style=\"text-align: center;\">Programme des cours<\/h1>\n[\/et_pb_text][et_pb_divider disabled_on=\"off|off|on\" _builder_version=\"4.4.0\" width=\"58%\" module_alignment=\"center\" animation_style=\"zoom\" animation_duration=\"500ms\" locked=\"off\"][\/et_pb_divider][\/et_pb_column][et_pb_column type=\"1_3\" _builder_version=\"4.4.0\"][et_pb_team_member name=\"Greg\" image_url=\"https:\/\/flyriviera.parapentiste.ch\/wp-content\/uploads\/2020\/03\/gregteam.jpg\" _builder_version=\"4.4.0\" header_level=\"h1\" header_text_align=\"center\" animation_style=\"zoom\" border_width_all_image=\"4px\" border_color_all_image=\"#ffffff\"]\n\nN\u00e9 en 1983, j\u2019ai fait toute ma scolarit\u00e9 sur la Riviera Vaudoise ainsi qu\u2019un apprentissage d\u2019\u00e9b\u00e9niste.\n\nPratiquant le mod\u00e9lisme depuis mon enfance, c\u2019est en 2003, ma licence de parapente en poche, que je m\u2019envole vers ma nouvelle passion.\n\nEn 2006, je passe mon brevet de pilote biplace car l\u2019envie de partager ces bons moments me guette d\u00e9j\u00e0. Je poursuis en 2008 avec la licence d\u2019instructeur et propose mes services \u00e0 Flyriviera.\n\nParall\u00e8lement, je m\u2019entra\u00eene depuis 2006 au sein de la league suisse d\u2019acrobatie afin de ma\u00eetriser les manoeuvres les plus extr\u00eames qui me donnent acc\u00e8s, avec l\u2019aide de mon sponsor SOLTOP, aux comp\u00e9titions internationales telle que le Vertigo \u00e0 Villeneuve ainsi que de nombreuses d\u00e9monstrations.\n\nEn 2009 je go\u00fbte au parachutisme et effectue de suite la licence \u00ab PAC \u00bb fran\u00e7aise.\nAujourd\u2019hui je suis d\u00e9sireux de vous enseigner ma passion et de vous faire vivre de merveilleux moments.\n\n[\/et_pb_team_member][et_pb_divider disabled_on=\"off|off|on\" _builder_version=\"4.4.0\" width=\"58%\" module_alignment=\"center\" animation_style=\"zoom\" animation_duration=\"500ms\" locked=\"off\"][\/et_pb_divider][\/et_pb_column][et_pb_column type=\"1_3\" _builder_version=\"4.4.0\"][et_pb_team_member name=\"St\u00e9phane\" image_url=\"https:\/\/flyriviera.parapentiste.ch\/wp-content\/uploads\/2020\/03\/stephteam.jpg\" _builder_version=\"4.4.0\" header_level=\"h1\" header_text_align=\"center\" animation_style=\"zoom\" animation_direction=\"right\" border_width_all_image=\"4px\" border_color_all_image=\"#ffffff\"]\n\nInstructeur FSVL de parapente et pilote biplace professionnel, St\u00e9phane travaille pour Flyriviera depuis 2003 comme instructeur et pilote biplace.\n\nEnseignant de formation et p\u00e9dagogue dans l'ame, il a le souci de communiquer sa passion en recherchant les d\u00e9tails \u00e0 am\u00e9liorer tout en tenant compte de la personnalit\u00e9 de chacun. Vous le rencontrerez sp\u00e9cialement dans les cours d'initiation et comme pilote biplace.\n\n[\/et_pb_team_member][\/et_pb_column][\/et_pb_row][\/et_pb_section][et_pb_section fb_built=\"1\" admin_label=\"About\" _builder_version=\"3.22\" custom_padding=\"90px||90px|\"][et_pb_row _builder_version=\"3.25\" custom_margin=\"|||\" custom_padding=\"|||\"][et_pb_column type=\"4_4\" _builder_version=\"3.25\" custom_padding=\"|||\" custom_padding__hover=\"|||\"][\/et_pb_column][\/et_pb_row][\/et_pb_section]","_et_gb_content_width":"","footnotes":""},"class_list":["post-2153","page","type-page","status-publish","hentry"],"yoast_head":"<!-- This site is optimized with the Yoast SEO plugin v27.3 - https:\/\/yoast.com\/product\/yoast-seo-wordpress\/ -->\n<title>Licensed pilots - Fly Riviera<\/title>\n<meta name=\"robots\" content=\"index, follow, max-snippet:-1, max-image-preview:large, max-video-preview:-1\" \/>\n<link rel=\"canonical\" href=\"https:\/\/flyriviera.ch\/en\/licensed-pilots\/\" \/>\n<meta property=\"og:locale\" content=\"en_US\" \/>\n<meta property=\"og:type\" content=\"article\" \/>\n<meta property=\"og:title\" content=\"Licensed pilots - Fly Riviera\" \/>\n<meta property=\"og:description\" content=\"PilotsJoin us to complete and improve your flying skills with a qualified instructor.You are a paraglider pilot and want to improve your skills? Keep a high technical level and fly serenely! &nbsp; Whether you are recovering after a break or simply looking to improve your skills in a specific domain, we will be happy to [&hellip;]\" \/>\n<meta property=\"og:url\" content=\"https:\/\/flyriviera.ch\/en\/licensed-pilots\/\" \/>\n<meta property=\"og:site_name\" content=\"Fly Riviera\" \/>\n<meta property=\"article:publisher\" content=\"https:\/\/www.facebook.com\/flyriviera\" \/>\n<meta property=\"article:modified_time\" content=\"2025-06-08T17:57:37+00:00\" \/>\n<meta name=\"twitter:card\" content=\"summary_large_image\" \/>\n<meta name=\"twitter:site\" content=\"@FlyrivieraSA\" \/>\n<meta name=\"twitter:label1\" content=\"Est. reading time\" \/>\n\t<meta name=\"twitter:data1\" content=\"4 minutes\" \/>\n<script type=\"application\/ld+json\" class=\"yoast-schema-graph\">{\"@context\":\"https:\\\/\\\/schema.org\",\"@graph\":[{\"@type\":\"WebPage\",\"@id\":\"https:\\\/\\\/flyriviera.ch\\\/en\\\/licensed-pilots\\\/\",\"url\":\"https:\\\/\\\/flyriviera.ch\\\/en\\\/licensed-pilots\\\/\",\"name\":\"Licensed pilots - Fly Riviera\",\"isPartOf\":{\"@id\":\"https:\\\/\\\/flyriviera.ch\\\/en\\\/#website\"},\"datePublished\":\"2020-05-05T19:12:42+00:00\",\"dateModified\":\"2025-06-08T17:57:37+00:00\",\"breadcrumb\":{\"@id\":\"https:\\\/\\\/flyriviera.ch\\\/en\\\/licensed-pilots\\\/#breadcrumb\"},\"inLanguage\":\"en-US\",\"potentialAction\":[{\"@type\":\"ReadAction\",\"target\":[\"https:\\\/\\\/flyriviera.ch\\\/en\\\/licensed-pilots\\\/\"]}]},{\"@type\":\"BreadcrumbList\",\"@id\":\"https:\\\/\\\/flyriviera.ch\\\/en\\\/licensed-pilots\\\/#breadcrumb\",\"itemListElement\":[{\"@type\":\"ListItem\",\"position\":1,\"name\":\"Accueil\",\"item\":\"http:\\\/\\\/flyriviera.ch\\\/en\\\/\"},{\"@type\":\"ListItem\",\"position\":2,\"name\":\"Licensed pilots\"}]},{\"@type\":\"WebSite\",\"@id\":\"https:\\\/\\\/flyriviera.ch\\\/en\\\/#website\",\"url\":\"https:\\\/\\\/flyriviera.ch\\\/en\\\/\",\"name\":\"Fly Riviera\",\"description\":\"Let&#039;s fly !\",\"publisher\":{\"@id\":\"https:\\\/\\\/flyriviera.ch\\\/en\\\/#organization\"},\"potentialAction\":[{\"@type\":\"SearchAction\",\"target\":{\"@type\":\"EntryPoint\",\"urlTemplate\":\"https:\\\/\\\/flyriviera.ch\\\/en\\\/?s={search_term_string}\"},\"query-input\":{\"@type\":\"PropertyValueSpecification\",\"valueRequired\":true,\"valueName\":\"search_term_string\"}}],\"inLanguage\":\"en-US\"},{\"@type\":\"Organization\",\"@id\":\"https:\\\/\\\/flyriviera.ch\\\/en\\\/#organization\",\"name\":\"Fly Riviera\",\"url\":\"https:\\\/\\\/flyriviera.ch\\\/en\\\/\",\"logo\":{\"@type\":\"ImageObject\",\"inLanguage\":\"en-US\",\"@id\":\"https:\\\/\\\/flyriviera.ch\\\/en\\\/#\\\/schema\\\/logo\\\/image\\\/\",\"url\":\"https:\\\/\\\/flyriviera.ch\\\/wp-content\\\/uploads\\\/2020\\\/05\\\/picto-acro-orange.jpg\",\"contentUrl\":\"https:\\\/\\\/flyriviera.ch\\\/wp-content\\\/uploads\\\/2020\\\/05\\\/picto-acro-orange.jpg\",\"width\":1653,\"height\":1611,\"caption\":\"Fly Riviera\"},\"image\":{\"@id\":\"https:\\\/\\\/flyriviera.ch\\\/en\\\/#\\\/schema\\\/logo\\\/image\\\/\"},\"sameAs\":[\"https:\\\/\\\/www.facebook.com\\\/flyriviera\",\"https:\\\/\\\/x.com\\\/FlyrivieraSA\",\"https:\\\/\\\/www.instagram.com\\\/flyrivieraparapente\\\/\"]}]}<\/script>\n<!-- \/ Yoast SEO plugin. -->","yoast_head_json":{"title":"Licensed pilots - Fly Riviera","robots":{"index":"index","follow":"follow","max-snippet":"max-snippet:-1","max-image-preview":"max-image-preview:large","max-video-preview":"max-video-preview:-1"},"canonical":"https:\/\/flyriviera.ch\/en\/licensed-pilots\/","og_locale":"en_US","og_type":"article","og_title":"Licensed pilots - Fly Riviera","og_description":"PilotsJoin us to complete and improve your flying skills with a qualified instructor.You are a paraglider pilot and want to improve your skills? Keep a high technical level and fly serenely! &nbsp; Whether you are recovering after a break or simply looking to improve your skills in a specific domain, we will be happy to [&hellip;]","og_url":"https:\/\/flyriviera.ch\/en\/licensed-pilots\/","og_site_name":"Fly Riviera","article_publisher":"https:\/\/www.facebook.com\/flyriviera","article_modified_time":"2025-06-08T17:57:37+00:00","twitter_card":"summary_large_image","twitter_site":"@FlyrivieraSA","twitter_misc":{"Est. reading time":"4 minutes"},"schema":{"@context":"https:\/\/schema.org","@graph":[{"@type":"WebPage","@id":"https:\/\/flyriviera.ch\/en\/licensed-pilots\/","url":"https:\/\/flyriviera.ch\/en\/licensed-pilots\/","name":"Licensed pilots - Fly Riviera","isPartOf":{"@id":"https:\/\/flyriviera.ch\/en\/#website"},"datePublished":"2020-05-05T19:12:42+00:00","dateModified":"2025-06-08T17:57:37+00:00","breadcrumb":{"@id":"https:\/\/flyriviera.ch\/en\/licensed-pilots\/#breadcrumb"},"inLanguage":"en-US","potentialAction":[{"@type":"ReadAction","target":["https:\/\/flyriviera.ch\/en\/licensed-pilots\/"]}]},{"@type":"BreadcrumbList","@id":"https:\/\/flyriviera.ch\/en\/licensed-pilots\/#breadcrumb","itemListElement":[{"@type":"ListItem","position":1,"name":"Accueil","item":"http:\/\/flyriviera.ch\/en\/"},{"@type":"ListItem","position":2,"name":"Licensed pilots"}]},{"@type":"WebSite","@id":"https:\/\/flyriviera.ch\/en\/#website","url":"https:\/\/flyriviera.ch\/en\/","name":"Fly Riviera","description":"Let&#039;s fly !","publisher":{"@id":"https:\/\/flyriviera.ch\/en\/#organization"},"potentialAction":[{"@type":"SearchAction","target":{"@type":"EntryPoint","urlTemplate":"https:\/\/flyriviera.ch\/en\/?s={search_term_string}"},"query-input":{"@type":"PropertyValueSpecification","valueRequired":true,"valueName":"search_term_string"}}],"inLanguage":"en-US"},{"@type":"Organization","@id":"https:\/\/flyriviera.ch\/en\/#organization","name":"Fly Riviera","url":"https:\/\/flyriviera.ch\/en\/","logo":{"@type":"ImageObject","inLanguage":"en-US","@id":"https:\/\/flyriviera.ch\/en\/#\/schema\/logo\/image\/","url":"https:\/\/flyriviera.ch\/wp-content\/uploads\/2020\/05\/picto-acro-orange.jpg","contentUrl":"https:\/\/flyriviera.ch\/wp-content\/uploads\/2020\/05\/picto-acro-orange.jpg","width":1653,"height":1611,"caption":"Fly Riviera"},"image":{"@id":"https:\/\/flyriviera.ch\/en\/#\/schema\/logo\/image\/"},"sameAs":["https:\/\/www.facebook.com\/flyriviera","https:\/\/x.com\/FlyrivieraSA","https:\/\/www.instagram.com\/flyrivieraparapente\/"]}]}},"_links":{"self":[{"href":"https:\/\/flyriviera.ch\/en\/wp-json\/wp\/v2\/pages\/2153","targetHints":{"allow":["GET"]}}],"collection":[{"href":"https:\/\/flyriviera.ch\/en\/wp-json\/wp\/v2\/pages"}],"about":[{"href":"https:\/\/flyriviera.ch\/en\/wp-json\/wp\/v2\/types\/page"}],"author":[{"embeddable":true,"href":"https:\/\/flyriviera.ch\/en\/wp-json\/wp\/v2\/users\/1"}],"replies":[{"embeddable":true,"href":"https:\/\/flyriviera.ch\/en\/wp-json\/wp\/v2\/comments?post=2153"}],"version-history":[{"count":12,"href":"https:\/\/flyriviera.ch\/en\/wp-json\/wp\/v2\/pages\/2153\/revisions"}],"predecessor-version":[{"id":6807,"href":"https:\/\/flyriviera.ch\/en\/wp-json\/wp\/v2\/pages\/2153\/revisions\/6807"}],"wp:attachment":[{"href":"https:\/\/flyriviera.ch\/en\/wp-json\/wp\/v2\/media?parent=2153"}],"curies":[{"name":"wp","href":"https:\/\/api.w.org\/{rel}","templated":true}]}}